{"id":322,"date":"2024-06-03T09:48:41","date_gmt":"2024-06-03T09:48:41","guid":{"rendered":"https:\/\/ecozone-wp.laralink.com\/?page_id=322"},"modified":"2025-11-07T18:07:49","modified_gmt":"2025-11-07T18:07:49","slug":"contact","status":"publish","type":"page","link":"https:\/\/recyclingmondoplast.ro\/en\/contact\/","title":{"rendered":"Contact"},"content":{"rendered":"<div data-elementor-type=\"wp-page\" data-elementor-id=\"322\" class=\"elementor elementor-322\">\n\t\t\t\t<div class=\"elementor-element elementor-element-1bcd05b e-flex e-con-boxed e-con e-parent\" data-id=\"1bcd05b\" data-element_type=\"container\" data-settings=\"{&quot;background_background&quot;:&quot;classic&quot;}\">\n\t\t\t\t\t<div class=\"e-con-inner\">\n\t\t<div class=\"elementor-element elementor-element-9437dc9 e-con-full e-flex e-con e-child\" data-id=\"9437dc9\" data-element_type=\"container\">\n\t\t\t\t<div class=\"elementor-element elementor-element-b2a1420 elementor-widget elementor-widget-image\" data-id=\"b2a1420\" data-element_type=\"widget\" data-widget_type=\"image.default\">\n\t\t\t\t\t\t\t\t\t\t\t\t\t\t\t<img fetchpriority=\"high\" decoding=\"async\" width=\"640\" height=\"782\" src=\"https:\/\/recyclingmondoplast.ro\/wp-content\/uploads\/2024\/10\/contact_img.jpg\" class=\"attachment-large size-large wp-image-4389\" alt=\"\" srcset=\"https:\/\/recyclingmondoplast.ro\/wp-content\/uploads\/2024\/10\/contact_img.jpg 778w, https:\/\/recyclingmondoplast.ro\/wp-content\/uploads\/2024\/10\/contact_img-600x733.jpg 600w, https:\/\/recyclingmondoplast.ro\/wp-content\/uploads\/2024\/10\/contact_img-245x300.jpg 245w, https:\/\/recyclingmondoplast.ro\/wp-content\/uploads\/2024\/10\/contact_img-768x939.jpg 768w\" sizes=\"(max-width: 640px) 100vw, 640px\" \/>\t\t\t\t\t\t\t\t\t\t\t\t\t\t\t<\/div>\n\t\t\t\t<\/div>\n\t\t<div class=\"elementor-element elementor-element-24e5bf5 e-con-full e-flex e-con e-child\" data-id=\"24e5bf5\" data-element_type=\"container\">\n\t\t<div class=\"elementor-element elementor-element-3fc0406 e-con-full e-flex e-con e-child\" data-id=\"3fc0406\" data-element_type=\"container\">\n\t\t\t\t<div class=\"elementor-element elementor-element-f1f4b65 elementor-widget elementor-widget-heading\" data-id=\"f1f4b65\" data-element_type=\"widget\" data-widget_type=\"heading.default\">\n\t\t\t\t\t<h2 class=\"elementor-heading-title elementor-size-default\">Can we help you?<\/h2>\t\t\t\t<\/div>\n\t\t\n\n\n\n\n\n\t\t<div class=\"elementor-element elementor-element-888c8dd elementor-widget elementor-widget-text-editor\" data-id=\"888c8dd\" data-element_type=\"widget\" data-widget_type=\"text-editor.default\">\n\t\t\t\t\t\t\t\t\t<p>Don\u2019t hesitate to contact us using the form below, and we will do our best to respond as promptly as possible.<\/p>\t\t\t\t\t\t\t\t<\/div>\n\t\t\t\t<\/div>\n\t\t<div class=\"elementor-element elementor-element-3b3d313 e-con-full e-flex e-con e-child\" data-id=\"3b3d313\" data-element_type=\"container\">\n\t\t\t\t<div class=\"elementor-element elementor-element-e65a1f2 elementor-widget elementor-widget-xa-contact-form\" data-id=\"e65a1f2\" data-element_type=\"widget\" data-widget_type=\"xa-contact-form.default\">\n\t\t\t\t<div class=\"elementor-widget-container\">\n\t\t\t\t\t<div class=\"\">\r\n\t\t\t<div class=\"xa-contact-form__body\">\n<div class=\"wpcf7 no-js\" id=\"wpcf7-f242-o1\" lang=\"en-US\" dir=\"ltr\" data-wpcf7-id=\"242\">\n<div class=\"screen-reader-response\"><p role=\"status\" aria-live=\"polite\" aria-atomic=\"true\"><\/p> <ul><\/ul><\/div>\n<form action=\"\/en\/wp-json\/wp\/v2\/pages\/322#wpcf7-f242-o1\" method=\"post\" class=\"wpcf7-form init\" aria-label=\"Contact form\" novalidate=\"novalidate\" data-status=\"init\" data-trp-original-action=\"\/en\/wp-json\/wp\/v2\/pages\/322#wpcf7-f242-o1\">\n<fieldset class=\"hidden-fields-container\"><input type=\"hidden\" name=\"_wpcf7\" value=\"242\" \/><input type=\"hidden\" name=\"_wpcf7_version\" value=\"6.1.4\" \/><input type=\"hidden\" name=\"_wpcf7_locale\" value=\"en_US\" \/><input type=\"hidden\" name=\"_wpcf7_unit_tag\" value=\"wpcf7-f242-o1\" \/><input type=\"hidden\" name=\"_wpcf7_container_post\" value=\"0\" \/><input type=\"hidden\" name=\"_wpcf7_posted_data_hash\" value=\"\" \/>\n<\/fieldset>\n<div class=\"wpcf7-turnstile cf-turnstile\" data-sitekey=\"0x4AAAAAACGoIkCeLlX70XEL\" data-response-field-name=\"_wpcf7_turnstile_response\"><\/div>\n\n<div class=\"cs_mcfw\">\n\t<p><span class=\"wpcf7-form-control-wrap\" data-name=\"text-915\"><input size=\"40\" maxlength=\"400\" class=\"wpcf7-form-control wpcf7-text cs_form_field cs_mb_25\" aria-invalid=\"false\" placeholder=\"Name\" value=\"\" type=\"text\" name=\"text-915\" \/><\/span><br \/>\n<span class=\"wpcf7-form-control-wrap\" data-name=\"email-455\"><input size=\"40\" maxlength=\"400\" class=\"wpcf7-form-control wpcf7-email wpcf7-text wpcf7-validates-as-email cs_form_field cs_mb_25\" aria-invalid=\"false\" placeholder=\"e-mail\" value=\"\" type=\"email\" name=\"email-455\" \/><\/span><br \/>\n<span class=\"wpcf7-form-control-wrap\" data-name=\"text-841\"><input size=\"40\" maxlength=\"400\" class=\"wpcf7-form-control wpcf7-text wpcf7-validates-as-required cs_form_field cs_mb_25\" aria-required=\"true\" aria-invalid=\"false\" placeholder=\"Phone\" value=\"\" type=\"text\" name=\"text-841\" \/><\/span><br \/>\n<span class=\"wpcf7-form-control-wrap\" data-name=\"textarea-979\"><textarea cols=\"40\" rows=\"10\" maxlength=\"2000\" class=\"wpcf7-form-control wpcf7-textarea cs_form_field cs_mb_25\" aria-invalid=\"false\" placeholder=\"Your Message\" name=\"textarea-979\"><\/textarea><\/span><br \/>\n<button type=\"submit\" class=\"cs_btn cs_style_1\"><br \/>\nSubmit<br \/>\n<i><br \/>\n<svg width=\"9\" height=\"10\" viewbox=\"0 0 9 10\" fill=\"none\" xmlns=\"http:\/\/www.w3.org\/2000\/svg\">\n          <path d=\"M0.5 9L8.5 1M8.5 1L0.5 1M8.5 1L8.5 9\" stroke=\"currentColor\" stroke-linecap=\"round\" stroke-linejoin=\"round\"><\/path>\n        <\/svg><br \/>\n<svg width=\"9\" height=\"10\" viewbox=\"0 0 9 10\" fill=\"none\" xmlns=\"http:\/\/www.w3.org\/2000\/svg\">\n          <path d=\"M0.5 9L8.5 1M8.5 1L0.5 1M8.5 1L8.5 9\" stroke=\"currentColor\" stroke-linecap=\"round\" stroke-linejoin=\"round\"><\/path>\n        <\/svg><br \/>\n<\/i><br \/>\n<\/button>\n\t<\/p>\n<\/div><div class=\"wpcf7-response-output\" aria-hidden=\"true\"><\/div>\n<input type=\"hidden\" name=\"trp-form-language\" value=\"en\"\/><\/form>\n<\/div>\n\r\n\t\t\t<\/div>\r\n\t\t<\/div>\t\t\t\t<\/div>\n\t\t\t\t<\/div>\n\t\t\t\t<\/div>\n\t\t\t\t<\/div>\n\t\t\t\t\t<\/div>\n\t\t\t\t<\/div>\n\t\t<div class=\"elementor-element elementor-element-73530dd e-flex e-con-boxed e-con e-parent\" data-id=\"73530dd\" data-element_type=\"container\" data-settings=\"{&quot;background_background&quot;:&quot;classic&quot;}\">\n\t\t\t\t\t<div class=\"e-con-inner\">\n\t\t<div class=\"elementor-element elementor-element-56d2d8c e-con-full e-flex e-con e-child\" data-id=\"56d2d8c\" data-element_type=\"container\">\n\t\t\t\t<div class=\"elementor-element elementor-element-1b2e6f7 elementor-widget elementor-widget-sp-contact-info\" data-id=\"1b2e6f7\" data-element_type=\"widget\" data-widget_type=\"sp-contact-info.default\">\n\t\t\t\t<div class=\"elementor-widget-container\">\n\t\t\t\t\t\r\n\r\n\t\t<div class=\"cs_iconbox cs_style_7\">\r\n\t\t\t<div class=\"cs_iconbox_icon cs_center\"><img decoding=\"async\" src=\"https:\/\/ecozone-wp.laralink.com\/wp-content\/uploads\/2024\/10\/contact_icon_1.svg\" alt=\"Adresa\">\r\n\t\t\t<\/div>\r\n\t\t\t<div class=\"cs_iconbox_info\">\r\n\t\t\t\t<h3 class=\"cs_fs_28 cs_semibold cs_mb_10\">Address<\/h3><p class=\"mb-0\">M\u0103r\u0103cineni, Arge\u0219elu, nr. 74, Arge\u0219, Rom\u00e2nia<\/p>\r\n\t\t\t<\/div>\r\n\t\t<\/div>\r\n        \r\n        \t\t\t\t<\/div>\n\t\t\t\t<\/div>\n\t\t\t\t<\/div>\n\t\t<div class=\"elementor-element elementor-element-51c5bba e-con-full e-flex e-con e-child\" data-id=\"51c5bba\" data-element_type=\"container\">\n\t\t\t\t<div class=\"elementor-element elementor-element-c48dffc elementor-widget elementor-widget-sp-contact-info\" data-id=\"c48dffc\" data-element_type=\"widget\" data-widget_type=\"sp-contact-info.default\">\n\t\t\t\t<div class=\"elementor-widget-container\">\n\t\t\t\t\t\r\n\r\n\t\t<div class=\"cs_iconbox cs_style_7\">\r\n\t\t\t<div class=\"cs_iconbox_icon cs_center\"><img decoding=\"async\" src=\"https:\/\/ecozone-wp.laralink.com\/wp-content\/uploads\/2024\/10\/contact_icon_2.svg\" alt=\"E-mail\">\r\n\t\t\t<\/div>\r\n\t\t\t<div class=\"cs_iconbox_info\">\r\n\t\t\t\t<h3 class=\"cs_fs_28 cs_semibold cs_mb_10\">E-mail<\/h3><p class=\"mb-0\"><a href=\"mailto:office@recyclingmondoplast.ro\">office@recyclingmondoplast.ro<\/a><\/p>\r\n\t\t\t<\/div>\r\n\t\t<\/div>\r\n        \r\n        \t\t\t\t<\/div>\n\t\t\t\t<\/div>\n\t\t\t\t<\/div>\n\t\t<div class=\"elementor-element elementor-element-8c6f878 e-con-full e-flex e-con e-child\" data-id=\"8c6f878\" data-element_type=\"container\">\n\t\t\t\t<div class=\"elementor-element elementor-element-92af0e3 elementor-widget elementor-widget-sp-contact-info\" data-id=\"92af0e3\" data-element_type=\"widget\" data-widget_type=\"sp-contact-info.default\">\n\t\t\t\t<div class=\"elementor-widget-container\">\n\t\t\t\t\t\r\n\r\n\t\t<div class=\"cs_iconbox cs_style_7\">\r\n\t\t\t<div class=\"cs_iconbox_icon cs_center\"><img decoding=\"async\" src=\"https:\/\/ecozone-wp.laralink.com\/wp-content\/uploads\/2024\/10\/contact_icon_3.svg\" alt=\"Telefon\">\r\n\t\t\t<\/div>\r\n\t\t\t<div class=\"cs_iconbox_info\">\r\n\t\t\t\t<h3 class=\"cs_fs_28 cs_semibold cs_mb_10\">Phone<\/h3><p class=\"mb-0\">+40 761 706 793 <\/p>\r\n\t\t\t<\/div>\r\n\t\t<\/div>\r\n        \r\n        \t\t\t\t<\/div>\n\t\t\t\t<\/div>\n\t\t\t\t<\/div>\n\t\t\t\t\t<\/div>\n\t\t\t\t<\/div>\n\t\t<div class=\"elementor-element elementor-element-5ffce70 e-con-full e-flex e-con e-parent\" data-id=\"5ffce70\" data-element_type=\"container\">\n\t\t\t\t<div class=\"elementor-element elementor-element-6ff29a9 cs_google_map cs_style_1 elementor-widget elementor-widget-google_maps\" data-id=\"6ff29a9\" data-element_type=\"widget\" data-widget_type=\"google_maps.default\">\n\t\t\t\t\t\t\t<div class=\"elementor-custom-embed\">\n\t\t\t<iframe loading=\"lazy\"\n\t\t\t\t\tsrc=\"https:\/\/maps.google.com\/maps?q=Recycling%20mondo%20plast&#038;t=m&#038;z=17&#038;output=embed&#038;iwloc=near\"\n\t\t\t\t\ttitle=\"Recycling mondo plast\"\n\t\t\t\t\taria-label=\"Recycling mondo plast\"\n\t\t\t><\/iframe>\n\t\t<\/div>\n\t\t\t\t\t\t<\/div>\n\t\t\t\t<\/div>\n\t\t\t\t<\/div>","protected":false},"excerpt":{"rendered":"<p>Te putem ajuta? Nu ezita\u021bi s\u0103 ne contacta\u021bi prin formularul de mai jos, iar noi vom face tot posibilul s\u0103 v\u0103 r\u0103spundem c\u00e2t mai prompt. Trimite Adresa M\u0103r\u0103cineni, Arge\u0219elu, nr. 74, Arge\u0219, Rom\u00e2nia E-mail office@recyclingmondoplast.ro Telefon +40 761 706 793<\/p>","protected":false},"author":1,"featured_media":0,"parent":0,"menu_order":0,"comment_status":"closed","ping_status":"closed","template":"","meta":{"footnotes":""},"class_list":["post-322","page","type-page","status-publish","hentry"],"_links":{"self":[{"href":"https:\/\/recyclingmondoplast.ro\/en\/wp-json\/wp\/v2\/pages\/322","targetHints":{"allow":["GET"]}}],"collection":[{"href":"https:\/\/recyclingmondoplast.ro\/en\/wp-json\/wp\/v2\/pages"}],"about":[{"href":"https:\/\/recyclingmondoplast.ro\/en\/wp-json\/wp\/v2\/types\/page"}],"author":[{"embeddable":true,"href":"https:\/\/recyclingmondoplast.ro\/en\/wp-json\/wp\/v2\/users\/1"}],"replies":[{"embeddable":true,"href":"https:\/\/recyclingmondoplast.ro\/en\/wp-json\/wp\/v2\/comments?post=322"}],"version-history":[{"count":0,"href":"https:\/\/recyclingmondoplast.ro\/en\/wp-json\/wp\/v2\/pages\/322\/revisions"}],"wp:attachment":[{"href":"https:\/\/recyclingmondoplast.ro\/en\/wp-json\/wp\/v2\/media?parent=322"}],"curies":[{"name":"wp","href":"https:\/\/api.w.org\/{rel}","templated":true}]}}