{"id":5465,"date":"2024-11-08T06:46:18","date_gmt":"2024-11-08T06:46:18","guid":{"rendered":"https:\/\/ecozone-wp.laralink.com\/?page_id=5465"},"modified":"2025-12-08T18:43:02","modified_gmt":"2025-12-08T18:43:02","slug":"poc","status":"publish","type":"page","link":"https:\/\/recyclingmondoplast.ro\/en\/poc\/","title":{"rendered":"POC Project"},"content":{"rendered":"<div data-elementor-type=\"wp-page\" data-elementor-id=\"5465\" class=\"elementor elementor-5465\">\n\t\t\t\t<div class=\"elementor-element elementor-element-6c61d35 e-con-full e-flex e-con e-parent\" data-id=\"6c61d35\" data-element_type=\"container\">\n\t\t<div class=\"elementor-element elementor-element-71eb1b1 e-con-full e-flex e-con e-child\" data-id=\"71eb1b1\" data-element_type=\"container\">\n\t\t<div class=\"elementor-element elementor-element-7a2b558 e-con-full e-flex e-con e-child\" data-id=\"7a2b558\" data-element_type=\"container\">\n\t\t\t\t<div class=\"elementor-element elementor-element-5c32d72 elementor-widget elementor-widget-image\" data-id=\"5c32d72\" data-element_type=\"widget\" data-widget_type=\"image.default\">\n\t\t\t\t\t\t\t\t\t\t\t\t\t\t\t<img fetchpriority=\"high\" decoding=\"async\" width=\"1265\" height=\"876\" src=\"https:\/\/recyclingmondoplast.ro\/wp-content\/uploads\/2025\/11\/Press.png\" class=\"attachment-full size-full wp-image-7591\" alt=\"\" srcset=\"https:\/\/recyclingmondoplast.ro\/wp-content\/uploads\/2025\/11\/Press.png.webp 1265w, https:\/\/recyclingmondoplast.ro\/wp-content\/uploads\/2025\/11\/Press-300x208.png.webp 300w, https:\/\/recyclingmondoplast.ro\/wp-content\/uploads\/2025\/11\/Press-1024x709.png.webp 1024w, https:\/\/recyclingmondoplast.ro\/wp-content\/uploads\/2025\/11\/Press-768x532.png.webp 768w, https:\/\/recyclingmondoplast.ro\/wp-content\/uploads\/2025\/11\/Press-500x345.png.webp 500w, https:\/\/recyclingmondoplast.ro\/wp-content\/uploads\/2025\/11\/Press-600x415.png.webp 600w\" sizes=\"(max-width: 1265px) 100vw, 1265px\" \/>\t\t\t\t\t\t\t\t\t\t\t\t\t\t\t<\/div>\n\t\t\t\t<\/div>\n\t\t<div class=\"elementor-element elementor-element-a506d27 e-con-full e-flex e-con e-child\" data-id=\"a506d27\" data-element_type=\"container\">\n\t\t\t\t<div class=\"elementor-element elementor-element-b917413 elementor-widget elementor-widget-heading\" data-id=\"b917413\" data-element_type=\"widget\" data-widget_type=\"heading.default\">\n\t\t\t\t\t<h2 class=\"elementor-heading-title elementor-size-default\">01. Restoring the Resilience Capacity of RECYCLING MONDO PLAST SRL through Sustainable Investments<\/h2>\t\t\t\t<\/div>\n\t\t\n\n\n\n\n\n\t\t<div class=\"elementor-element elementor-element-5525daa elementor-widget elementor-widget-text-editor\" data-id=\"5525daa\" data-element_type=\"widget\" data-widget_type=\"text-editor.default\">\n\t\t\t\t\t\t\t\t\t<h4><strong>S.C. RECYCLING MONDO PLAST SRL<\/strong><\/h4><p class=\"big\">Tax Identification Code 25832264, registered with the Trade Register under no.<strong>\u00a0J03\/873\/2009<\/strong>, with headquarters in\u00a0<strong>ARGE\u015e<\/strong>. Arge\u0219elu locality\u00a0<strong>no.74<\/strong>, announces the signing, on 27.12.2022 of the\u00a0<strong>Financing Contract no. 173\/486\/POC\/4.1.1.BIS<\/strong>, for the implementation of the project entitled \"<strong>Restoring the Resilience Capacity of RECYCLING MONDO PLAST SRL through Sustainable Investments<\/strong>\u201e, associated with\u00a0<strong>Cod SMIS 15865<\/strong>.<\/p><p class=\"translation-block\">The project will be implemented in<strong> Arge\u0219elu Village, M\u0103r\u0103cineni Commune, no. 74D, Arge\u0219 County<\/strong>, through non-reimbursable financing granted under the<strong>\u00a0 Competitiveness Operational Program 2014 \u2013 2020<\/strong>\u00a0, Priority Axis 4: <strong>\u00a0\u201cSupporting the mitigation of the effects caused by the COVID-19 pandemic and its social consequences, and preparing a green, digital, and resilient economic recovery\u201d<\/strong>\u00a0, Investment Priority 4.1: <strong>\u00a0\u201cSupporting the capacity of SMEs to grow on regional, national, and international markets and to engage in innovation processes\u201d<\/strong>\u00a0, Action 4.1.1 BIS \u2013 <strong>\u00a0\u201cInvestments in re-technologization in the construction sector\u201d<\/strong>\u00a0.<\/p><p class=\"translation-block\"><strong>S.C. RECYCLING MONDO PLAST SRL<\/strong> has concluded Financing Contract no. <strong>173\/486\/POC\/4.1.1.BIS with the Ministry of Investments and European Projects<\/strong>, acting as the <strong>Managing Authority for the Competitiveness Operational Program 2014\u20132020<\/strong>.<\/p><p class=\"translation-block\">The total project value is <strong>5,217,434.33 Lei<\/strong>, of which <strong>2,403,169.23 Lei<\/strong> represents non-reimbursable financing.<\/p><p><strong>Obiectivul general al proiectului<\/strong><strong>General objective of the project<\/strong>: The general objective of the company is to ensure sustainable growth by carrying out an initial investment aimed at developing the business in the field corresponding to <strong> CAEN Code 2221 \u2013 Manufacture of plates, sheets, tubes, and profiles from plastic material<\/strong>, which involves investments in high-performance machinery to ensure service and product quality according to national and international market standards, increasing the portfolio of orders and the number of clients, and optimally utilizing the production capacities created through the implementation of this investment project.\u00a0<strong>Codului CAEN 2221 \u2013 Fabricarea pl\u0103cilor, foliilor, tuburilor \u0219i profilelor din material plastic<\/strong>, ceea ce presupune investi\u021bii \u00een utilaje performante care s\u0103 asigure calitatea serviciilor \u0219i produselor la nivelul standardelor existente pe pia\u021ba national\u0103 \u0219i interna\u021bional\u0103, cre\u0219terea portofoliului de comenzi \u0219i a num\u0103rului de clien\u021bi \u0219i s\u0103 utilizeze \u00een mod optim capacit\u0103\u021bile de produc\u021bie create prin implementarea acestui proiect de investi\u021bii.<\/p><p class=\"translation-block\"><strong>Specific objectives of the project<\/strong>: Strengthening the company by developing activity in the manufacture of plates, sheets, tubes, and profiles from plastic material; acquiring new, state-of-the-art, and environmentally friendly equipment; increasing labor productivity in the 3rd year of sustainability compared to 2021 by more than 15% and achieving an average number of employees at least equal to that in 2021.<\/p><p><strong>Expected results<\/strong>:<\/p><ul><li>R1. Sustainable development of the company's activity through the acquisition of new, high-performance, and environmentally friendly equipment;<\/li><\/ul><ul><li>R2. Organization of procurement procedures and signing of contracts with suppliers (where applicable);<\/li><\/ul><ul><li>R3. Achieving the indicators assumed under this project.<\/li><\/ul><p><strong>The project implementation period is from the signing of the financing contract, 27.12.2022, until 31.12.2023.<\/strong><\/p>\t\t\t\t\t\t\t\t<\/div>\n\t\t\t\t<\/div>\n\t\t<div class=\"elementor-element elementor-element-966a0a4 e-con-full e-flex e-con e-child\" data-id=\"966a0a4\" data-element_type=\"container\">\n\t\t\t\t<div class=\"elementor-element elementor-element-781981c elementor-widget elementor-widget-heading\" data-id=\"781981c\" data-element_type=\"widget\" data-widget_type=\"heading.default\">\n\t\t\t\t\t<h2 class=\"elementor-heading-title elementor-size-default\">Download the original press release<\/h2>\t\t\t\t<\/div>\n\t\t\t\t<\/div>\n\t\t<div class=\"elementor-element elementor-element-484ffff e-con-full e-flex e-con e-child\" data-id=\"484ffff\" data-element_type=\"container\">\n\t\t\t\t<div class=\"elementor-element elementor-element-6444e9c wow fadeInDown elementor-widget elementor-widget-sp-button\" data-id=\"6444e9c\" data-element_type=\"widget\" data-widget_type=\"sp-button.default\">\n\t\t\t\t<div class=\"elementor-widget-container\">\n\t\t\t\t\t\r\n        <div class=\"sp-buttons text-left\"><a href=\"https:\/\/recyclingmondoplast.ro\/wp-content\/uploads\/2025\/11\/Macheta-Comunicat-lansare-proiect-Mondoplast-4.1.1-BIS.pdf\" class=\"cs_btn cs_style_1\">\r\n\t\t\t\tPress Release\r\n\t\t\t\t<i>\r\n\t\t\t\t\t<svg width=\"9\" height=\"10\" viewbox=\"0 0 9 10\" fill=\"none\" xmlns=\"http:\/\/www.w3.org\/2000\/svg\">\r\n\t\t\t\t\t<path d=\"M0.5 9L8.5 1M8.5 1L0.5 1M8.5 1L8.5 9\" stroke=\"currentColor\" stroke-linecap=\"round\" stroke-linejoin=\"round\"><\/path>\r\n\t\t\t\t\t<\/svg>\r\n\t\t\t\t\t<svg width=\"9\" height=\"10\" viewbox=\"0 0 9 10\" fill=\"none\" xmlns=\"http:\/\/www.w3.org\/2000\/svg\">\r\n\t\t\t\t\t<path d=\"M0.5 9L8.5 1M8.5 1L0.5 1M8.5 1L8.5 9\" stroke=\"currentColor\" stroke-linecap=\"round\" stroke-linejoin=\"round\"><\/path>\r\n\t\t\t\t\t<\/svg>\r\n\t\t\t\t<\/i>\r\n\t\t\t<\/a>\r\n\t\t\t\r\n        <\/div>\t\t\t\t<\/div>\n\t\t\t\t<\/div>\n\t\t\t\t<\/div>\n\t\t\t\t<\/div>\n\t\t\t\t<\/div>\n\t\t<div class=\"elementor-element elementor-element-59c44d2 e-con-full e-flex e-con e-parent\" data-id=\"59c44d2\" data-element_type=\"container\">\n\t\t<div class=\"elementor-element elementor-element-84493ff e-con-full e-flex e-con e-child\" data-id=\"84493ff\" data-element_type=\"container\">\n\t\t<div class=\"elementor-element elementor-element-a44e8d1 e-con-full e-flex e-con e-child\" data-id=\"a44e8d1\" data-element_type=\"container\">\n\t\t\t\t<div class=\"elementor-element elementor-element-1934db8 elementor-widget elementor-widget-heading\" data-id=\"1934db8\" data-element_type=\"widget\" data-widget_type=\"heading.default\">\n\t\t\t\t\t<h2 class=\"elementor-heading-title elementor-size-default\">02. Public Announcement Regarding the Submission of Environmental Permit Request<\/h2>\t\t\t\t<\/div>\n\t\t\t\t<div class=\"elementor-element elementor-element-7283679 elementor-widget elementor-widget-text-editor\" data-id=\"7283679\" data-element_type=\"widget\" data-widget_type=\"text-editor.default\">\n\t\t\t\t\t\t\t\t\t<h4>S.C. RECYCLING MONDO PLAST S.R.L.<\/h4><p class=\"translation-block\">headquartered in <strong>M\u0103r\u0103cineni Commune, Arge\u0219elu Village, no. 74D, Arge\u0219 County<\/strong>, announces to the interested public the submission of the request for issuance of the environmental permit for the project <strong>\u201cRestoring the Resilience Capacity of RECYCLING MONDO PLAST S.R.L.\u201d<\/strong>, proposed to be implemented in M\u0103r\u0103cineni Commune, Arge\u0219elu Village, no. 74D, Arge\u0219 County.\n\nInformation regarding the proposed project\/presentation memorandum can be consulted at <strong>APM Arge\u0219 Headquarters, Pite\u0219ti City, Egalit\u0103\u021bii Street, no. 50A, Arge\u0219 County, Monday \u2013 Friday, between 8:00 \u2013 13:00<\/strong>.\n\nPublic comments are received daily at the <strong>APM Arge\u0219 Headquarters, Pite\u0219ti City, Egalit\u0103\u021bii Street, no. 50A, Arge\u0219 County<\/strong>.<\/p>\t\t\t\t\t\t\t\t<\/div>\n\t\t\t\t<\/div>\n\t\t<div class=\"elementor-element elementor-element-881611c e-con-full e-flex e-con e-child\" data-id=\"881611c\" data-element_type=\"container\">\n\t\t\t\t<div class=\"elementor-element elementor-element-a82eb2a elementor-widget elementor-widget-heading\" data-id=\"a82eb2a\" data-element_type=\"widget\" data-widget_type=\"heading.default\">\n\t\t\t\t\t<h2 class=\"elementor-heading-title elementor-size-default\">Download the original press release<\/h2>\t\t\t\t<\/div>\n\t\t\t\t<\/div>\n\t\t<div class=\"elementor-element elementor-element-ebae119 e-con-full e-flex e-con e-child\" data-id=\"ebae119\" data-element_type=\"container\">\n\t\t\t\t<div class=\"elementor-element elementor-element-8b96299 wow fadeInDown elementor-widget elementor-widget-sp-button\" data-id=\"8b96299\" data-element_type=\"widget\" data-widget_type=\"sp-button.default\">\n\t\t\t\t<div class=\"elementor-widget-container\">\n\t\t\t\t\t\r\n        <div class=\"sp-buttons text-left\"><a href=\"https:\/\/recyclingmondoplast.ro\/wp-content\/uploads\/2025\/11\/anunt_ziar.pdf\" class=\"cs_btn cs_style_1\">\r\n\t\t\t\tPress Release\r\n\t\t\t\t<i>\r\n\t\t\t\t\t<svg width=\"9\" height=\"10\" viewbox=\"0 0 9 10\" fill=\"none\" xmlns=\"http:\/\/www.w3.org\/2000\/svg\">\r\n\t\t\t\t\t<path d=\"M0.5 9L8.5 1M8.5 1L0.5 1M8.5 1L8.5 9\" stroke=\"currentColor\" stroke-linecap=\"round\" stroke-linejoin=\"round\"><\/path>\r\n\t\t\t\t\t<\/svg>\r\n\t\t\t\t\t<svg width=\"9\" height=\"10\" viewbox=\"0 0 9 10\" fill=\"none\" xmlns=\"http:\/\/www.w3.org\/2000\/svg\">\r\n\t\t\t\t\t<path d=\"M0.5 9L8.5 1M8.5 1L0.5 1M8.5 1L8.5 9\" stroke=\"currentColor\" stroke-linecap=\"round\" stroke-linejoin=\"round\"><\/path>\r\n\t\t\t\t\t<\/svg>\r\n\t\t\t\t<\/i>\r\n\t\t\t<\/a>\r\n\t\t\t\r\n        <\/div>\t\t\t\t<\/div>\n\t\t\t\t<\/div>\n\t\t\t\t<\/div>\n\t\t\t\t<\/div>\n\t\t\t\t<\/div>\n\t\t<div class=\"elementor-element elementor-element-b098066 e-con-full e-flex e-con e-parent\" data-id=\"b098066\" data-element_type=\"container\">\n\t\t<div class=\"elementor-element elementor-element-8a44479 e-con-full e-flex e-con e-child\" data-id=\"8a44479\" data-element_type=\"container\">\n\t\t<div class=\"elementor-element elementor-element-171a465 e-con-full e-flex e-con e-child\" data-id=\"171a465\" data-element_type=\"container\">\n\t\t\t\t<div class=\"elementor-element elementor-element-d2bdd49 elementor-widget elementor-widget-heading\" data-id=\"d2bdd49\" data-element_type=\"widget\" data-widget_type=\"heading.default\">\n\t\t\t\t\t<h2 class=\"elementor-heading-title elementor-size-default\">03. Public Announcement Regarding the Screening Decision<\/h2>\t\t\t\t<\/div>\n\t\t\t\t<div class=\"elementor-element elementor-element-738a836 elementor-widget elementor-widget-text-editor\" data-id=\"738a836\" data-element_type=\"widget\" data-widget_type=\"text-editor.default\">\n\t\t\t\t\t\t\t\t\t<h4>S.C. RECYCLING MONDO PLAST S.R.L.<\/h4><p data-start=\"0\" data-end=\"771\" class=\"translation-block\">headquartered in <strong>M\u0103r\u0103cineni Commune, Arge\u0219elu Village, no. 74D, Arge\u0219 County<\/strong>, holder of the project <strong>\u201cRestoring the Resilience Capacity of RECYCLING MONDO PLAST S.R.L.\u201d<\/strong>, proposed to be implemented in M\u0103r\u0103cineni Commune, Arge\u0219elu Village, no. 74D, Arge\u0219 County, announces to the interested public the decision taken at the screening stage by the <strong>Arge\u0219 Environmental Protection Agency<\/strong> \u2013 the project is not subject to environmental impact assessment, not subject to appropriate assessment, and not subject to water body impact assessment, within the procedures for environmental impact and appropriate assessment, for the project: <strong>\u201cRestoring the Resilience Capacity of RECYCLING MONDO PLAST S.R.L.<\/strong>\u201d, proposed to be implemented in <strong>M\u0103r\u0103cineni Commune, Arge\u0219elu Village, no. 74D, Arge\u0219 County<\/strong>.<\/p><p data-start=\"773\" data-end=\"1074\" class=\"translation-block\">The draft screening decision and the reasons supporting it can be consulted at APM Arge\u0219, located in Pite\u0219ti, Egalit\u0103\u021bii Street, no. 50, Arge\u0219 County, Monday \u2013 Friday, between 10:00 \u2013 13:00, as well as on the following website:<a class=\"decorated-link\" href=\"http:\/\/apmag.anpm.ro\" target=\"_new\" rel=\"noopener\" data-start=\"1027\" data-end=\"1071\">http:\/\/apmag.anpm.ro<\/a>.<\/p><p data-start=\"1076\" data-end=\"1274\" data-is-last-node=\"\" data-is-only-node=\"\" class=\"translation-block\">Interested members of the public may submit comments\/observations on the draft screening decision at the APM Arge\u0219 headquarters, within <strong>10 days from the date of publication of the announcement on the APM Arge\u0219 website<\/strong>.<\/p>\t\t\t\t\t\t\t\t<\/div>\n\t\t\t\t<\/div>\n\t\t<div class=\"elementor-element elementor-element-eaca229 e-con-full e-flex e-con e-child\" data-id=\"eaca229\" data-element_type=\"container\">\n\t\t\t\t<div class=\"elementor-element elementor-element-7a3fa7c elementor-widget elementor-widget-heading\" data-id=\"7a3fa7c\" data-element_type=\"widget\" data-widget_type=\"heading.default\">\n\t\t\t\t\t<h2 class=\"elementor-heading-title elementor-size-default\">Download the original press release<\/h2>\t\t\t\t<\/div>\n\t\t\t\t<\/div>\n\t\t<div class=\"elementor-element elementor-element-79d71bd e-con-full e-flex e-con e-child\" data-id=\"79d71bd\" data-element_type=\"container\">\n\t\t\t\t<div class=\"elementor-element elementor-element-b3ddfd6 wow fadeInDown elementor-widget elementor-widget-sp-button\" data-id=\"b3ddfd6\" data-element_type=\"widget\" data-widget_type=\"sp-button.default\">\n\t\t\t\t<div class=\"elementor-widget-container\">\n\t\t\t\t\t\r\n        <div class=\"sp-buttons text-left\"><a href=\"https:\/\/recyclingmondoplast.ro\/wp-content\/uploads\/2025\/11\/2024-ANUNT-MEDIU.pdf\" class=\"cs_btn cs_style_1\">\r\n\t\t\t\tPress Release\r\n\t\t\t\t<i>\r\n\t\t\t\t\t<svg width=\"9\" height=\"10\" viewbox=\"0 0 9 10\" fill=\"none\" xmlns=\"http:\/\/www.w3.org\/2000\/svg\">\r\n\t\t\t\t\t<path d=\"M0.5 9L8.5 1M8.5 1L0.5 1M8.5 1L8.5 9\" stroke=\"currentColor\" stroke-linecap=\"round\" stroke-linejoin=\"round\"><\/path>\r\n\t\t\t\t\t<\/svg>\r\n\t\t\t\t\t<svg width=\"9\" height=\"10\" viewbox=\"0 0 9 10\" fill=\"none\" xmlns=\"http:\/\/www.w3.org\/2000\/svg\">\r\n\t\t\t\t\t<path d=\"M0.5 9L8.5 1M8.5 1L0.5 1M8.5 1L8.5 9\" stroke=\"currentColor\" stroke-linecap=\"round\" stroke-linejoin=\"round\"><\/path>\r\n\t\t\t\t\t<\/svg>\r\n\t\t\t\t<\/i>\r\n\t\t\t<\/a>\r\n\t\t\t\r\n        <\/div>\t\t\t\t<\/div>\n\t\t\t\t<\/div>\n\t\t\t\t<\/div>\n\t\t\t\t<\/div>\n\t\t\t\t<\/div>\n\t\t<div class=\"elementor-element elementor-element-a3492ad e-con-full e-flex e-con e-parent\" data-id=\"a3492ad\" data-element_type=\"container\">\n\t\t<div class=\"elementor-element elementor-element-496c1ae e-con-full e-flex e-con e-child\" data-id=\"496c1ae\" data-element_type=\"container\">\n\t\t<div class=\"elementor-element elementor-element-72dfd93 e-con-full e-flex e-con e-child\" data-id=\"72dfd93\" data-element_type=\"container\">\n\t\t\t\t<div class=\"elementor-element elementor-element-493809f elementor-widget elementor-widget-heading\" data-id=\"493809f\" data-element_type=\"widget\" data-widget_type=\"heading.default\">\n\t\t\t\t\t<h2 class=\"elementor-heading-title elementor-size-default\">04. Public Announcement Regarding Project Completion<\/h2>\t\t\t\t<\/div>\n\t\t\t\t<div class=\"elementor-element elementor-element-8c79fdd elementor-widget elementor-widget-text-editor\" data-id=\"8c79fdd\" data-element_type=\"widget\" data-widget_type=\"text-editor.default\">\n\t\t\t\t\t\t\t\t\t<h4>S.C. RECYCLING MONDO PLAST S.R.L.<\/h4><p class=\"translation-block\">Fiscal Identification Code 25832264, registered with the Trade Registry under no. J03\/873\/2009, headquartered in <strong>ARGE\u015e, Arge\u0219elu, no. 74<\/strong>, announces the completion of the project titled \u201c<strong>Restoring the Resilience Capacity of RECYCLING MONDO PLAST SRL through Sustainable Investments<\/strong>\u201d, SMIS Code 158659, under Financing Contract no. <strong>173\/486\/POC\/4.1.1.BIS<\/strong> dated 27.12.2022, concluded with the <strong>Ministry of Investments and European Projects<\/strong> as the <strong>Managing Authority for the Competitiveness Operational Program 2014-2020<\/strong>.<\/p><p class=\"translation-block\">The project was implemented in <strong>Sat Arge\u0219elu, Comuna M\u0103r\u0103cineni no. 74D, Arge\u0219 County<\/strong>, through non-reimbursable funding provided by the <strong>Competitiveness Operational Program 2014\u20132020<\/strong>, Priority Axis 4: \u201cSupporting the mitigation of crisis effects caused by the COVID-19 pandemic and its social consequences, and preparing a green, digital, and resilient economic recovery\u201d, Investment Priority 4.1: \u201cSupporting SMEs to grow in regional, national, and international markets and to engage in innovation processes\u201d, Action 4.1.1 BIS: \u201cInvestments in retechnologization in the construction sector\u201d.<\/p><p class=\"translation-block\">The total value of the project is <strong>5,217,434.33 Lei<\/strong>, of which <strong>2,403,169.23 Lei<\/strong> represents non-reimbursable funding.<\/p><p class=\"translation-block\">General objective of the project:\nThe general objective of the company is to ensure sustainable growth by implementing an initial investment aimed at developing its business in the field corresponding to <strong>CAEN Code 2221 \u2013 Manufacture of plates, sheets, tubes, and profiles from plastic materials<\/strong>, which involves investments in high-performance equipment to ensure service and product quality at the level of national and international standards, expanding the order portfolio and customer base, and optimally utilizing the production capacities created through this investment project.<\/p><p class=\"translation-block\">Specific objectives of the project: <strong>Strengthening the company by developing activities in the manufacture of plates, sheets, tubes, and profiles from plastic materials<\/strong>; acquiring new, state-of-the-art, environmentally friendly equipment; increasing labor productivity in year 3 of sustainability by more than 15% compared to 2021, and achieving an average number of employees at least equal to that of 2021.<\/p><p><strong>Expected results :<\/strong><\/p><ul><li>R1. Sustainable development of the company's activity through the acquisition of new, high-performance, and environmentally friendly equipment;<\/li><li>R2. Organization of procurement procedures and signing of contracts with suppliers (where applicable);<\/li><li>R3. Achieving the indicators assumed under this project.<\/li><\/ul><p>\u00a0<\/p><p>Impact of the investment at the local\/regional level: increased operational safety of equipment; improvement of environmental aspects through the acquisition of new, state-of-the-art, environmentally friendly equipment; increased labor productivity and quality of life for the company\u2019s employees; expansion of the client portfolio; improvement in the quality of work and services provided to existing and future clients.<\/p>\t\t\t\t\t\t\t\t<\/div>\n\t\t\t\t<\/div>\n\t\t<div class=\"elementor-element elementor-element-b858faf e-con-full e-flex e-con e-child\" data-id=\"b858faf\" data-element_type=\"container\">\n\t\t\t\t<div class=\"elementor-element elementor-element-bf18151 elementor-widget elementor-widget-heading\" data-id=\"bf18151\" data-element_type=\"widget\" data-widget_type=\"heading.default\">\n\t\t\t\t\t<h2 class=\"elementor-heading-title elementor-size-default\">Download the original press release<\/h2>\t\t\t\t<\/div>\n\t\t\t\t<\/div>\n\t\t<div class=\"elementor-element elementor-element-335e126 e-con-full e-flex e-con e-child\" data-id=\"335e126\" data-element_type=\"container\">\n\t\t\t\t<div class=\"elementor-element elementor-element-34e7617 wow fadeInDown elementor-widget elementor-widget-sp-button\" data-id=\"34e7617\" data-element_type=\"widget\" data-widget_type=\"sp-button.default\">\n\t\t\t\t<div class=\"elementor-widget-container\">\n\t\t\t\t\t\r\n        <div class=\"sp-buttons text-left\"><a href=\"https:\/\/recyclingmondoplast.ro\/wp-content\/uploads\/2025\/11\/Macheta-Comunicat-finalizare-proiect-Mondoplast-4.1.1-BIS.pdf\" class=\"cs_btn cs_style_1\">\r\n\t\t\t\tPress Release\r\n\t\t\t\t<i>\r\n\t\t\t\t\t<svg width=\"9\" height=\"10\" viewbox=\"0 0 9 10\" fill=\"none\" xmlns=\"http:\/\/www.w3.org\/2000\/svg\">\r\n\t\t\t\t\t<path d=\"M0.5 9L8.5 1M8.5 1L0.5 1M8.5 1L8.5 9\" stroke=\"currentColor\" stroke-linecap=\"round\" stroke-linejoin=\"round\"><\/path>\r\n\t\t\t\t\t<\/svg>\r\n\t\t\t\t\t<svg width=\"9\" height=\"10\" viewbox=\"0 0 9 10\" fill=\"none\" xmlns=\"http:\/\/www.w3.org\/2000\/svg\">\r\n\t\t\t\t\t<path d=\"M0.5 9L8.5 1M8.5 1L0.5 1M8.5 1L8.5 9\" stroke=\"currentColor\" stroke-linecap=\"round\" stroke-linejoin=\"round\"><\/path>\r\n\t\t\t\t\t<\/svg>\r\n\t\t\t\t<\/i>\r\n\t\t\t<\/a>\r\n\t\t\t\r\n        <\/div>\t\t\t\t<\/div>\n\t\t\t\t<\/div>\n\t\t\t\t<\/div>\n\t\t\t\t<\/div>\n\t\t\t\t<\/div>\n\t\t\t\t<\/div>","protected":false},"excerpt":{"rendered":"<p>01. Refacerea capacit\u0103\u021bii de rezilien\u021b\u0103 a RECYCLING MONDO PLAST SRL prin investi\u021bii durabile S.C. RECYCLING MONDO PLAST SRL Cod de identificare fiscal\u0103 25832264, \u00eenregistrat\u0103 la Registrul Comer\u021bului sub nr.\u00a0J03\/873\/2009, cu sediul \u00een\u00a0ARGE\u015e, localitatea\u00a0Arge\u015felu, nr. 74, anun\u021b\u0103 semnarea, \u00een data de 27.12.2022 a\u00a0Contractului de finan\u021bare nr. 173\/486\/POC\/4.1.1.BIS, pentru implementarea proiectului cu titlul &#8222;Refacerea capacit\u0103\u021bii de rezilien\u021b\u0103 [&hellip;]<\/p>","protected":false},"author":1,"featured_media":0,"parent":0,"menu_order":0,"comment_status":"closed","ping_status":"closed","template":"","meta":{"footnotes":""},"class_list":["post-5465","page","type-page","status-publish","hentry"],"_links":{"self":[{"href":"https:\/\/recyclingmondoplast.ro\/en\/wp-json\/wp\/v2\/pages\/5465","targetHints":{"allow":["GET"]}}],"collection":[{"href":"https:\/\/recyclingmondoplast.ro\/en\/wp-json\/wp\/v2\/pages"}],"about":[{"href":"https:\/\/recyclingmondoplast.ro\/en\/wp-json\/wp\/v2\/types\/page"}],"author":[{"embeddable":true,"href":"https:\/\/recyclingmondoplast.ro\/en\/wp-json\/wp\/v2\/users\/1"}],"replies":[{"embeddable":true,"href":"https:\/\/recyclingmondoplast.ro\/en\/wp-json\/wp\/v2\/comments?post=5465"}],"version-history":[{"count":0,"href":"https:\/\/recyclingmondoplast.ro\/en\/wp-json\/wp\/v2\/pages\/5465\/revisions"}],"wp:attachment":[{"href":"https:\/\/recyclingmondoplast.ro\/en\/wp-json\/wp\/v2\/media?parent=5465"}],"curies":[{"name":"wp","href":"https:\/\/api.w.org\/{rel}","templated":true}]}}