{"id":5779,"date":"2024-11-10T05:06:25","date_gmt":"2024-11-10T05:06:25","guid":{"rendered":"https:\/\/ecozone-wp.laralink.com\/?page_id=5779"},"modified":"2025-12-08T18:32:55","modified_gmt":"2025-12-08T18:32:55","slug":"productie","status":"publish","type":"page","link":"https:\/\/recyclingmondoplast.ro\/en\/productie\/","title":{"rendered":"Production"},"content":{"rendered":"<div data-elementor-type=\"wp-page\" data-elementor-id=\"5779\" class=\"elementor elementor-5779\">\n\t\t\t\t<div class=\"elementor-element elementor-element-003a137 e-flex e-con-boxed e-con e-parent\" data-id=\"003a137\" data-element_type=\"container\">\n\t\t\t\t\t<div class=\"e-con-inner\">\n\t\t<div class=\"elementor-element elementor-element-cec6ddf e-con-full e-flex e-con e-child\" data-id=\"cec6ddf\" data-element_type=\"container\">\n\t\t<div class=\"elementor-element elementor-element-8984998 e-con-full e-flex e-con e-child\" data-id=\"8984998\" data-element_type=\"container\">\n\t\t\t\t<div class=\"elementor-element elementor-element-be497a1 elementor-widget elementor-widget-image\" data-id=\"be497a1\" data-element_type=\"widget\" data-widget_type=\"image.default\">\n\t\t\t\t\t\t\t\t\t\t\t\t\t\t\t<img fetchpriority=\"high\" decoding=\"async\" width=\"1584\" height=\"660\" src=\"https:\/\/recyclingmondoplast.ro\/wp-content\/uploads\/2025\/11\/Banner-2.png\" class=\"attachment-full size-full wp-image-7577\" alt=\"\" srcset=\"https:\/\/recyclingmondoplast.ro\/wp-content\/uploads\/2025\/11\/Banner-2.png.webp 1584w, https:\/\/recyclingmondoplast.ro\/wp-content\/uploads\/2025\/11\/Banner-2-300x125.png.webp 300w, https:\/\/recyclingmondoplast.ro\/wp-content\/uploads\/2025\/11\/Banner-2-1024x427.png.webp 1024w, https:\/\/recyclingmondoplast.ro\/wp-content\/uploads\/2025\/11\/Banner-2-768x320.png.webp 768w, https:\/\/recyclingmondoplast.ro\/wp-content\/uploads\/2025\/11\/Banner-2-1536x640.png.webp 1536w, https:\/\/recyclingmondoplast.ro\/wp-content\/uploads\/2025\/11\/Banner-2-600x250.png.webp 600w\" sizes=\"(max-width: 1584px) 100vw, 1584px\" \/>\t\t\t\t\t\t\t\t\t\t\t\t\t\t\t<\/div>\n\t\t\t\t<\/div>\n\t\t<div class=\"elementor-element elementor-element-f082f06 e-con-full e-flex e-con e-child\" data-id=\"f082f06\" data-element_type=\"container\">\n\t\t\t\t<div class=\"elementor-element elementor-element-3dadca5 elementor-widget elementor-widget-heading\" data-id=\"3dadca5\" data-element_type=\"widget\" data-widget_type=\"heading.default\">\n\t\t\t\t\t<h2 class=\"elementor-heading-title elementor-size-default\">For a cleaner, less polluted environment \u2013 recycling and reusing plastic materials \u2013<\/h2>\t\t\t\t<\/div>\n\t\t\n\n\n\n\n\n\t\t<div class=\"elementor-element elementor-element-978ad0f elementor-widget elementor-widget-text-editor\" data-id=\"978ad0f\" data-element_type=\"widget\" data-widget_type=\"text-editor.default\">\n\t\t\t\t\t\t\t\t\t<p>We believe in a future where plastic no longer pollutes, but reinvents itself \u2014 each time better, cleaner, and more efficient. At <strong>Recycling Mondo Plast<\/strong>, we transform waste into resources, technology into progress, and responsibility into sustainability.<\/p>\t\t\t\t\t\t\t\t<\/div>\n\t\t<div class=\"elementor-element elementor-element-514a201 e-con-full e-flex e-con e-child\" data-id=\"514a201\" data-element_type=\"container\">\n\t\t\t\t<div class=\"elementor-element elementor-element-ea04df3 elementor-widget elementor-widget-heading\" data-id=\"ea04df3\" data-element_type=\"widget\" data-widget_type=\"heading.default\">\n\t\t\t\t\t<h2 class=\"elementor-heading-title elementor-size-default\">Plastic Waste Processing &amp; Regranulation<\/h2>\t\t\t\t<\/div>\n\t\t\t\t<div class=\"elementor-element elementor-element-e9bdf0a cs_details_content  elementor-widget elementor-widget-text-editor\" data-id=\"e9bdf0a\" data-element_type=\"widget\" data-widget_type=\"text-editor.default\">\n\t\t\t\t\t\t\t\t\t<ul><li>Recycling Mondo Plast produces approximately 12,000 tons of recycled granules annually.<\/li><li>In recent years, we have experienced continuous growth in production capacity, driven by the steadily increasing demand for recycled plastic granules.<\/li><li>We now process plastic materials using 2 state-of-the-art EREMA recycling lines, equipped with laser filters and automatic washing systems.<\/li><li>In addition to producing and marketing plastic granules obtained from recyclable materials selectively collected from third parties, we provide regranulation services for the technological waste generated during the processing of plastic materials or the manufacturing of other plastic products for various companies.<\/li><\/ul>\t\t\t\t\t\t\t\t<\/div>\n\t\t\t\t<\/div>\n\t\t\t\t<\/div>\n\t\t<div class=\"elementor-element elementor-element-8c008e9 e-con-full e-flex e-con e-child\" data-id=\"8c008e9\" data-element_type=\"container\">\n\t\t\t\t<div class=\"elementor-element elementor-element-77eae65 elementor-absolute elementor-widget elementor-widget-image\" data-id=\"77eae65\" data-element_type=\"widget\" data-settings=\"{&quot;_position&quot;:&quot;absolute&quot;}\" data-widget_type=\"image.default\">\n\t\t\t\t\t\t\t\t\t\t\t\t\t\t\t<img decoding=\"async\" src=\"https:\/\/ecozone-wp.laralink.com\/wp-content\/uploads\/2024\/10\/about_shape_1.svg\" title=\"\" alt=\"\" loading=\"lazy\" \/>\t\t\t\t\t\t\t\t\t\t\t\t\t\t\t<\/div>\n\t\t<div class=\"elementor-element elementor-element-953b055 e-con-full e-flex e-con e-child\" data-id=\"953b055\" data-element_type=\"container\">\n\t\t<div class=\"elementor-element elementor-element-91a81cd e-con-full e-flex e-con e-child\" data-id=\"91a81cd\" data-element_type=\"container\">\n\t\t\t\t<div class=\"elementor-element elementor-element-9769112 elementor-widget elementor-widget-sp-premium-images\" data-id=\"9769112\" data-element_type=\"widget\" data-widget_type=\"sp-premium-images.default\">\n\t\t\t\t<div class=\"elementor-widget-container\">\n\t\t\t\t\t<div class=\"cs_layer_img_box cs_type_2\">\r\n\t\t\t<div class=\"cs_layer_img_1\">\r\n\t\t\t\t<img decoding=\"async\" src=\"https:\/\/recyclingmondoplast.ro\/wp-content\/uploads\/2025\/11\/image007.png\" class=\"cs_shadow_1\" title=\"http:\/\/Premium%20Image\"  alt=\"http:\/\/Premium%20Image\" >\r\n\t\t\t<\/div>\r\n\t\t\t<div class=\"cs_layer_img_2\">\r\n\t\t\t\t<img decoding=\"async\" src=\"https:\/\/recyclingmondoplast.ro\/wp-content\/uploads\/2025\/11\/image002-2.png\" title=\"http:\/\/Premium%20Image\"  alt=\"http:\/\/Premium%20Image\" >\r\n\t\t\t<\/div>\r\n        <\/div>\r\n\t\t\t\t\t\t<\/div>\n\t\t\t\t<\/div>\n\t\t<div class=\"elementor-element elementor-element-1cbd244 e-con-full e-flex e-con e-child\" data-id=\"1cbd244\" data-element_type=\"container\">\n\t\t\t\t<div class=\"elementor-element elementor-element-394c921 elementor-widget elementor-widget-sp-premium-images\" data-id=\"394c921\" data-element_type=\"widget\" data-widget_type=\"sp-premium-images.default\">\n\t\t\t\t<div class=\"elementor-widget-container\">\n\t\t\t\t\t<div class=\"cs_layer_img_box cs_type_1\">\r\n\t\t\t<div class=\"cs_layer_img_1\">\r\n\t\t\t\t<img decoding=\"async\" src=\"https:\/\/recyclingmondoplast.ro\/wp-content\/uploads\/2025\/11\/PlasticBag.webp\" class=\"cs_shadow_1\" title=\"http:\/\/Premium%20Image\"  alt=\"http:\/\/Premium%20Image\" >\r\n\t\t\t<\/div>\r\n\t\t\t<div class=\"cs_layer_img_2\">\r\n\t\t\t\t<img decoding=\"async\" src=\"https:\/\/recyclingmondoplast.ro\/wp-content\/uploads\/2025\/11\/Line-1-scaled.png\" title=\"http:\/\/Premium%20Image\"  alt=\"http:\/\/Premium%20Image\" >\r\n\t\t\t<\/div>\r\n        <\/div>\r\n\t\t\t\t\t\t<\/div>\n\t\t\t\t<\/div>\n\t\t\t\t<\/div>\n\t\t<div class=\"elementor-element elementor-element-006a54d e-con-full e-flex e-con e-child\" data-id=\"006a54d\" data-element_type=\"container\">\n\t\t\t\t<div class=\"elementor-element elementor-element-49d14af elementor-widget elementor-widget-sp-premium-images\" data-id=\"49d14af\" data-element_type=\"widget\" data-widget_type=\"sp-premium-images.default\">\n\t\t\t\t<div class=\"elementor-widget-container\">\n\t\t\t\t\t<div class=\"cs_layer_img_box cs_type_1\">\r\n\t\t\t<div class=\"cs_layer_img_1\">\r\n\t\t\t\t<img decoding=\"async\" src=\"https:\/\/recyclingmondoplast.ro\/wp-content\/uploads\/2025\/11\/image029.png\" class=\"cs_shadow_1\" title=\"http:\/\/Premium%20Image\"  alt=\"http:\/\/Premium%20Image\" >\r\n\t\t\t<\/div>\r\n\t\t\t<div class=\"cs_layer_img_2\">\r\n\t\t\t\t<img decoding=\"async\" src=\"https:\/\/recyclingmondoplast.ro\/wp-content\/uploads\/2025\/11\/Pungi-scaled.jpg\" title=\"http:\/\/Premium%20Image\"  alt=\"http:\/\/Premium%20Image\" >\r\n\t\t\t<\/div>\r\n        <\/div>\r\n\t\t\t\t\t\t<\/div>\n\t\t\t\t<\/div>\n\t\t\t\t<\/div>\n\t\t\t\t<\/div>\n\t\t<div class=\"elementor-element elementor-element-d23acba e-con-full wow fadeInRight e-flex e-con e-child\" data-id=\"d23acba\" data-element_type=\"container\">\n\t\t<div class=\"elementor-element elementor-element-7524ea6 e-con-full e-flex e-con e-child\" data-id=\"7524ea6\" data-element_type=\"container\">\n\t\t\t\t<div class=\"elementor-element elementor-element-f0ed2ea elementor-widget elementor-widget-sp-section-title\" data-id=\"f0ed2ea\" data-element_type=\"widget\" data-widget_type=\"sp-section-title.default\">\n\t\t\t\t<div class=\"elementor-widget-container\">\n\t\t\t\t\t\r\n            <div class=\"cs_section_heading cs_style_1 text-left\"><h3 class=\"cs_fs_21 cs_semibold cs_accent_color cs_mb_13\">Film Production<\/h3><h2 class=\"cs_fs_51 mb-0\">Recycled plastic in high-quality film for tomorrow's world<\/h2>\r\n            <\/div>\r\n            \t\t\t\t<\/div>\n\t\t\t\t<\/div>\n\t\t\t\t<div class=\"elementor-element elementor-element-d95c28b elementor-widget elementor-widget-text-editor\" data-id=\"d95c28b\" data-element_type=\"widget\" data-widget_type=\"text-editor.default\">\n\t\t\t\t\t\t\t\t\t<p>At <strong>Recycling Mondo Plast<\/strong>, we take sustainability to a new level through the production of <strong data-start=\"283\" data-end=\"322\">plastic film made from recycled material<\/strong>, carried out with state-of-the-art technology. We use high-quality recycled granules to produce durable, versatile films perfectly suited to the demands of modern industry.<\/p>\t\t\t\t\t\t\t\t<\/div>\n\t\t\t\t<\/div>\n\t\t<div class=\"elementor-element elementor-element-f1725bb e-con-full e-flex e-con e-child\" data-id=\"f1725bb\" data-element_type=\"container\">\n\t\t\t\t<div class=\"elementor-element elementor-element-8929034 elementor-widget elementor-widget-sp-icon-list\" data-id=\"8929034\" data-element_type=\"widget\" data-widget_type=\"sp-icon-list.default\">\n\t\t\t\t<div class=\"elementor-widget-container\">\n\t\t\t\t\t\r\n        <ul class=\"cs_list cs_style_1 cs_mp_0\">\r\n            <li>\r\n                    <i class=\"cs_list_icon cs_accent_color\">\r\n                        <svg width=\"18\" height=\"17\" viewbox=\"0 0 18 17\" fill=\"none\" xmlns=\"http:\/\/www.w3.org\/2000\/svg\">\r\n                            <path d=\"M0 9.62275C0.0320847 8.83012 0.390363 8.2499 1.11227 7.93388C1.84487 7.61269 2.54004 7.73702 3.1443 8.25508C4.06406 9.0477 4.96777 9.85587 5.87684 10.6589C6.04796 10.8091 6.21908 10.9645 6.39554 11.1148C6.65757 11.3427 6.88751 11.3323 7.12279 11.0733C9.096 8.91819 11.0639 6.75789 13.0371 4.5976C14.3686 3.13668 15.7054 1.68094 17.037 0.220014C17.2027 0.0386945 17.3952 -0.0493752 17.6412 0.0283334C17.8498 0.0956808 18.0102 0.277001 17.9995 0.494585C17.9941 0.608557 17.946 0.732891 17.8819 0.831322C16.3685 3.19884 14.8552 5.56118 13.3419 7.92352C11.5986 10.6433 9.85534 13.3631 8.11207 16.0881C7.80727 16.5647 7.39551 16.8859 6.81264 16.974C6.15491 17.0776 5.60947 16.8704 5.19237 16.3782C3.69508 14.6116 2.20849 12.8399 0.716557 11.0681C0.433143 10.7469 0.133686 10.4257 0.0534744 9.98539C0.0267372 9.85587 0.0160423 9.73154 0 9.62275Z\" fill=\"currentColor\"\/>\r\n                        <\/svg>                        \r\n                    <\/i>\r\n                    \r\n                <h3 class=\"cs_fs_28 cs_semibold cs_mb_15\">Film production line<\/h3>\r\n                <p class=\"mb-0\">Extruder \u00d860 with film treatment system<\/p>\nMEP Film Extruder\n<p>\u00d860 Film Extrusion Equipment<\/p>\r\n            <\/li>\r\n            <li>\r\n                    <i class=\"cs_list_icon cs_accent_color\">\r\n                        <svg width=\"18\" height=\"17\" viewbox=\"0 0 18 17\" fill=\"none\" xmlns=\"http:\/\/www.w3.org\/2000\/svg\">\r\n                            <path d=\"M0 9.62275C0.0320847 8.83012 0.390363 8.2499 1.11227 7.93388C1.84487 7.61269 2.54004 7.73702 3.1443 8.25508C4.06406 9.0477 4.96777 9.85587 5.87684 10.6589C6.04796 10.8091 6.21908 10.9645 6.39554 11.1148C6.65757 11.3427 6.88751 11.3323 7.12279 11.0733C9.096 8.91819 11.0639 6.75789 13.0371 4.5976C14.3686 3.13668 15.7054 1.68094 17.037 0.220014C17.2027 0.0386945 17.3952 -0.0493752 17.6412 0.0283334C17.8498 0.0956808 18.0102 0.277001 17.9995 0.494585C17.9941 0.608557 17.946 0.732891 17.8819 0.831322C16.3685 3.19884 14.8552 5.56118 13.3419 7.92352C11.5986 10.6433 9.85534 13.3631 8.11207 16.0881C7.80727 16.5647 7.39551 16.8859 6.81264 16.974C6.15491 17.0776 5.60947 16.8704 5.19237 16.3782C3.69508 14.6116 2.20849 12.8399 0.716557 11.0681C0.433143 10.7469 0.133686 10.4257 0.0534744 9.98539C0.0267372 9.85587 0.0160423 9.73154 0 9.62275Z\" fill=\"currentColor\"\/>\r\n                        <\/svg>                        \r\n                    <\/i>\r\n                    \r\n                <h3 class=\"cs_fs_28 cs_semibold cs_mb_15\">Film Cutting and Printing Line<\/h3>\r\n                <p class=\"mb-0\">Automatic Film Cutting Line with L65 Photoelectric Sensor<br>\nHydraulic Press for Bag Manufacturing<br>\nAutomatic System with Photocell for Film Folding<br>\nFlexographic Printing Equipment<br>\nAutomatic Film Cutting Line with L65 Photoelectric Sensor<br>\n2 Automatic Film Cutting Lines with L80 Photoelectric Sensor <br>\nUniversal Welding Machine<\/p>\r\n            <\/li>\r\n            <li>\r\n                    <i class=\"cs_list_icon cs_accent_color\">\r\n                        <svg width=\"18\" height=\"17\" viewbox=\"0 0 18 17\" fill=\"none\" xmlns=\"http:\/\/www.w3.org\/2000\/svg\">\r\n                            <path d=\"M0 9.62275C0.0320847 8.83012 0.390363 8.2499 1.11227 7.93388C1.84487 7.61269 2.54004 7.73702 3.1443 8.25508C4.06406 9.0477 4.96777 9.85587 5.87684 10.6589C6.04796 10.8091 6.21908 10.9645 6.39554 11.1148C6.65757 11.3427 6.88751 11.3323 7.12279 11.0733C9.096 8.91819 11.0639 6.75789 13.0371 4.5976C14.3686 3.13668 15.7054 1.68094 17.037 0.220014C17.2027 0.0386945 17.3952 -0.0493752 17.6412 0.0283334C17.8498 0.0956808 18.0102 0.277001 17.9995 0.494585C17.9941 0.608557 17.946 0.732891 17.8819 0.831322C16.3685 3.19884 14.8552 5.56118 13.3419 7.92352C11.5986 10.6433 9.85534 13.3631 8.11207 16.0881C7.80727 16.5647 7.39551 16.8859 6.81264 16.974C6.15491 17.0776 5.60947 16.8704 5.19237 16.3782C3.69508 14.6116 2.20849 12.8399 0.716557 11.0681C0.433143 10.7469 0.133686 10.4257 0.0534744 9.98539C0.0267372 9.85587 0.0160423 9.73154 0 9.62275Z\" fill=\"currentColor\"\/>\r\n                        <\/svg>                        \r\n                    <\/i>\r\n                    \r\n                <h3 class=\"cs_fs_28 cs_semibold cs_mb_15\">Automatic T-shirt Bag Production Line<\/h3>\r\n                <p class=\"mb-0\">SUPERB \u00d860 Extruder \u2013 1100 HDPE \/ LDPE<br>\nP4200W80R90 Series Flexographic Printer, 4 colors, 800mm \u2013 film customization <br>\nMARMARA 60 IK-A Welding Machine<br><\/p>\r\n            <\/li>\r\n        <\/ul>\t\t\t\t<\/div>\n\t\t\t\t<\/div>\n\t\t\t\t<\/div>\n\t\t<div class=\"elementor-element elementor-element-bd8a96d e-con-full e-flex e-con e-child\" data-id=\"bd8a96d\" data-element_type=\"container\">\n\t\t\t\t<div class=\"elementor-element elementor-element-08c94b4 elementor-widget elementor-widget-image-carousel\" data-id=\"08c94b4\" data-element_type=\"widget\" data-settings=\"{&quot;navigation&quot;:&quot;none&quot;,&quot;autoplay&quot;:&quot;yes&quot;,&quot;pause_on_hover&quot;:&quot;yes&quot;,&quot;pause_on_interaction&quot;:&quot;yes&quot;,&quot;autoplay_speed&quot;:5000,&quot;infinite&quot;:&quot;yes&quot;,&quot;speed&quot;:500}\" data-widget_type=\"image-carousel.default\">\n\t\t\t\t\t\t\t<div class=\"elementor-image-carousel-wrapper swiper\" role=\"region\" aria-roledescription=\"carousel\" aria-label=\"Image Carousel\" dir=\"ltr\">\n\t\t\t<div class=\"elementor-image-carousel swiper-wrapper\" aria-live=\"off\">\n\t\t\t\t\t\t\t\t<div class=\"swiper-slide\" role=\"group\" aria-roledescription=\"slide\" aria-label=\"1 of 6\" data-no-translation-aria-label=\"\"><figure class=\"swiper-slide-inner\"><img decoding=\"async\" class=\"swiper-slide-image\" src=\"https:\/\/recyclingmondoplast.ro\/wp-content\/uploads\/2025\/11\/image002-150x150.png\" alt=\"image002\" \/><\/figure><\/div><div class=\"swiper-slide\" role=\"group\" aria-roledescription=\"slide\" aria-label=\"2 of 6\" data-no-translation-aria-label=\"\"><figure class=\"swiper-slide-inner\"><img decoding=\"async\" class=\"swiper-slide-image\" src=\"https:\/\/recyclingmondoplast.ro\/wp-content\/uploads\/2025\/11\/image004-150x150.png\" alt=\"image004\" \/><\/figure><\/div><div class=\"swiper-slide\" role=\"group\" aria-roledescription=\"slide\" aria-label=\"3 of 6\" data-no-translation-aria-label=\"\"><figure class=\"swiper-slide-inner\"><img decoding=\"async\" class=\"swiper-slide-image\" src=\"https:\/\/recyclingmondoplast.ro\/wp-content\/uploads\/2025\/11\/Folie.png\" alt=\"Folie\" \/><\/figure><\/div><div class=\"swiper-slide\" role=\"group\" aria-roledescription=\"slide\" aria-label=\"4 of 6\" data-no-translation-aria-label=\"\"><figure class=\"swiper-slide-inner\"><img decoding=\"async\" class=\"swiper-slide-image\" src=\"https:\/\/recyclingmondoplast.ro\/wp-content\/uploads\/2025\/11\/Pungi-1.png\" alt=\"Pungi\" \/><\/figure><\/div><div class=\"swiper-slide\" role=\"group\" aria-roledescription=\"slide\" aria-label=\"5 of 6\" data-no-translation-aria-label=\"\"><figure class=\"swiper-slide-inner\"><img decoding=\"async\" class=\"swiper-slide-image\" src=\"https:\/\/recyclingmondoplast.ro\/wp-content\/uploads\/2025\/11\/Saci-1.png\" alt=\"Saci\" \/><\/figure><\/div><div class=\"swiper-slide\" role=\"group\" aria-roledescription=\"slide\" aria-label=\"6 of 6\" data-no-translation-aria-label=\"\"><figure class=\"swiper-slide-inner\"><img decoding=\"async\" class=\"swiper-slide-image\" src=\"https:\/\/recyclingmondoplast.ro\/wp-content\/uploads\/2025\/11\/Sort-1.png\" alt=\"Sort\" \/><\/figure><\/div>\t\t\t<\/div>\n\t\t\t\t\t\t\t\n\t\t\t\t\t\t\t\t\t<\/div>\n\t\t\t\t\t\t<\/div>\n\t\t\t\t<\/div>\n\t\t\t\t<\/div>\n\t\t\t\t<div class=\"elementor-element elementor-element-d38472e elementor-absolute elementor-widget elementor-widget-image\" data-id=\"d38472e\" data-element_type=\"widget\" data-settings=\"{&quot;_position&quot;:&quot;absolute&quot;}\" data-widget_type=\"image.default\">\n\t\t\t\t\t\t\t\t\t\t\t\t\t\t\t<img decoding=\"async\" src=\"https:\/\/ecozone-wp.laralink.com\/wp-content\/uploads\/2024\/10\/about_shape_1.svg\" title=\"\" alt=\"\" loading=\"lazy\" \/>\t\t\t\t\t\t\t\t\t\t\t\t\t\t\t<\/div>\n\t\t\t\t<\/div>\n\t\t\t\t<\/div>\n\t\t<div class=\"elementor-element elementor-element-e3dfb5e e-con-full e-flex e-con e-child\" data-id=\"e3dfb5e\" data-element_type=\"container\">\n\t\t<div class=\"elementor-element elementor-element-f4a9fb5 e-con-full e-flex e-con e-child\" data-id=\"f4a9fb5\" data-element_type=\"container\">\n\t\t\t\t<div class=\"elementor-element elementor-element-8d37a6f elementor-widget elementor-widget-heading\" data-id=\"8d37a6f\" data-element_type=\"widget\" data-widget_type=\"heading.default\">\n\t\t\t\t\t<h2 class=\"elementor-heading-title elementor-size-default\">Objectives<\/h2>\t\t\t\t<\/div>\n\t\t\t\t<\/div>\n\t\t<div class=\"elementor-element elementor-element-ef3486f e-con-full e-flex e-con e-child\" data-id=\"ef3486f\" data-element_type=\"container\">\n\t\t<div class=\"elementor-element elementor-element-a5d0adc e-con-full e-flex e-con e-child\" data-id=\"a5d0adc\" data-element_type=\"container\">\n\t\t\t\t<div class=\"elementor-element elementor-element-c79898e elementor-widget elementor-widget-sp-number-feature\" data-id=\"c79898e\" data-element_type=\"widget\" data-widget_type=\"sp-number-feature.default\">\n\t\t\t\t<div class=\"elementor-widget-container\">\n\t\t\t\t\t\r\n\t\t <ul class=\"cs_list cs_style_2 cs_mp_0\">\r\n\t\t\t<li>\r\n\t\t\t\t<span class=\"cs_list_number cs_fs_70 cs_bold cs_heading_font\">01<\/span>\r\n\t\t\t\t<div class=\"cs_list_right\">\r\n\t\t\t\t<h3 class=\"cs_fs_28 cs_semibold cs_mb_10\">Increasing production capacity<\/h3>\r\n\t\t\t\t<p class=\"mb-0\">We aim to expand our recycling capacity beyond 15,000 tons per year through investments in new processing lines and optimization of technological workflows.<\/p>\r\n\t\t\t\t<\/div>\r\n\t\t\t<\/li>\r\n\t\t\t<li>\r\n\t\t\t\t<span class=\"cs_list_number cs_fs_70 cs_bold cs_heading_font\">02<\/span>\r\n\t\t\t\t<div class=\"cs_list_right\">\r\n\t\t\t\t<h3 class=\"cs_fs_28 cs_semibold cs_mb_10\">Expanding the range of recycled products<\/h3>\r\n\t\t\t\t<p class=\"mb-0\">We will diversify the portfolio of finished products made from recycled granules, adapting to market demands and promoting sustainable solutions for both household and industrial use.<\/p>\r\n\t\t\t\t<\/div>\r\n\t\t\t<\/li>\r\n\t\t\t<li>\r\n\t\t\t\t<span class=\"cs_list_number cs_fs_70 cs_bold cs_heading_font\">03<\/span>\r\n\t\t\t\t<div class=\"cs_list_right\">\r\n\t\t\t\t<h3 class=\"cs_fs_28 cs_semibold cs_mb_10\">International Certifications and Standards<\/h3>\r\n\t\t\t\t<p class=\"mb-0\">We aim to obtain and maintain the highest ISO and environmental certifications, ensuring the quality, safety, and compliance of every recycled product.<\/p>\r\n\t\t\t\t<\/div>\r\n\t\t\t<\/li>\r\n\t\t<\/ul>\t\t\t\t<\/div>\n\t\t\t\t<\/div>\n\t\t\t\t<\/div>\n\t\t<div class=\"elementor-element elementor-element-690bc34 e-con-full e-flex e-con e-child\" data-id=\"690bc34\" data-element_type=\"container\">\n\t\t\t\t<div class=\"elementor-element elementor-element-35f6742 elementor-widget elementor-widget-sp-number-feature\" data-id=\"35f6742\" data-element_type=\"widget\" data-widget_type=\"sp-number-feature.default\">\n\t\t\t\t<div class=\"elementor-widget-container\">\n\t\t\t\t\t\r\n\t\t <ul class=\"cs_list cs_style_2 cs_mp_0\">\r\n\t\t\t<li>\r\n\t\t\t\t<span class=\"cs_list_number cs_fs_70 cs_bold cs_heading_font\">04<\/span>\r\n\t\t\t\t<div class=\"cs_list_right\">\r\n\t\t\t\t<h3 class=\"cs_fs_28 cs_semibold cs_mb_10\">Strategic partnerships for a circular economy<\/h3>\r\n\t\t\t\t<p class=\"mb-0\">We aim for long-term collaborations with industry partners, authorities, and communities to develop joint projects that support responsible recycling and reduce plastic waste.<\/p>\r\n\t\t\t\t<\/div>\r\n\t\t\t<\/li>\r\n\t\t\t<li>\r\n\t\t\t\t<span class=\"cs_list_number cs_fs_70 cs_bold cs_heading_font\">05<\/span>\r\n\t\t\t\t<div class=\"cs_list_right\">\r\n\t\t\t\t<h3 class=\"cs_fs_28 cs_semibold cs_mb_10\">Investments in innovation and sustainability<\/h3>\r\n\t\t\t\t<p class=\"mb-0\">We will continue to invest in modern technologies, research, and environmental education, turning every step of the process into a tangible contribution to protecting the environment.<\/p>\r\n\t\t\t\t<\/div>\r\n\t\t\t<\/li>\r\n\t\t<\/ul>\t\t\t\t<\/div>\n\t\t\t\t<\/div>\n\t\t\t\t<\/div>\n\t\t\t\t<\/div>\n\t\t\t\t<\/div>\n\t\t<div class=\"elementor-element elementor-element-9e67380 e-con-full e-flex e-con e-child\" data-id=\"9e67380\" data-element_type=\"container\">\n\t\t<div class=\"elementor-element elementor-element-791eda1 e-con-full e-flex e-con e-child\" data-id=\"791eda1\" data-element_type=\"container\">\n\t\t\t\t<div class=\"elementor-element elementor-element-e0a97bb elementor-widget elementor-widget-image\" data-id=\"e0a97bb\" data-element_type=\"widget\" data-widget_type=\"image.default\">\n\t\t\t\t\t\t\t\t\t\t\t\t\t\t\t<img decoding=\"async\" width=\"1152\" height=\"768\" src=\"https:\/\/recyclingmondoplast.ro\/wp-content\/uploads\/2025\/11\/miniature-house-tree.jpg\" class=\"attachment-full size-full wp-image-7573\" alt=\"\" srcset=\"https:\/\/recyclingmondoplast.ro\/wp-content\/uploads\/2025\/11\/miniature-house-tree.jpg.webp 1152w, https:\/\/recyclingmondoplast.ro\/wp-content\/uploads\/2025\/11\/miniature-house-tree-300x200.jpg.webp 300w, https:\/\/recyclingmondoplast.ro\/wp-content\/uploads\/2025\/11\/miniature-house-tree-1024x683.jpg.webp 1024w, https:\/\/recyclingmondoplast.ro\/wp-content\/uploads\/2025\/11\/miniature-house-tree-768x512.jpg.webp 768w, https:\/\/recyclingmondoplast.ro\/wp-content\/uploads\/2025\/11\/miniature-house-tree-600x400.jpg.webp 600w\" sizes=\"(max-width: 1152px) 100vw, 1152px\" \/>\t\t\t\t\t\t\t\t\t\t\t\t\t\t\t<\/div>\n\t\t\t\t<\/div>\n\t\t<div class=\"elementor-element elementor-element-70ac2a9 e-con-full e-flex e-con e-child\" data-id=\"70ac2a9\" data-element_type=\"container\">\n\t\t\t\t<div class=\"elementor-element elementor-element-84e0142 elementor-widget elementor-widget-image\" data-id=\"84e0142\" data-element_type=\"widget\" data-widget_type=\"image.default\">\n\t\t\t\t\t\t\t\t\t\t\t\t\t\t\t<img decoding=\"async\" width=\"1248\" height=\"832\" src=\"https:\/\/recyclingmondoplast.ro\/wp-content\/uploads\/2025\/11\/sustainable-developmen.jpg\" class=\"attachment-full size-full wp-image-7572\" alt=\"\" srcset=\"https:\/\/recyclingmondoplast.ro\/wp-content\/uploads\/2025\/11\/sustainable-developmen.jpg.webp 1248w, https:\/\/recyclingmondoplast.ro\/wp-content\/uploads\/2025\/11\/sustainable-developmen-300x200.jpg.webp 300w, https:\/\/recyclingmondoplast.ro\/wp-content\/uploads\/2025\/11\/sustainable-developmen-1024x683.jpg.webp 1024w, https:\/\/recyclingmondoplast.ro\/wp-content\/uploads\/2025\/11\/sustainable-developmen-768x512.jpg.webp 768w, https:\/\/recyclingmondoplast.ro\/wp-content\/uploads\/2025\/11\/sustainable-developmen-600x400.jpg.webp 600w\" sizes=\"(max-width: 1248px) 100vw, 1248px\" \/>\t\t\t\t\t\t\t\t\t\t\t\t\t\t\t<\/div>\n\t\t\t\t<\/div>\n\t\t\t\t<\/div>\n\t\t\t\t<\/div>\n\t\t\t\t\t<\/div>\n\t\t\t\t<\/div>\n\t\t\t\t<\/div>","protected":false},"excerpt":{"rendered":"<p>Pentru un mediu mai curat, mai pu\u021bin poluat &#8211; recilare \/ reutilizare mase plastice &#8211; Credem \u00eentr-un viitor \u00een care plasticul nu mai polueaz\u0103, ci se reinventeaz\u0103 \u2014 de fiecare dat\u0103, mai bun, mai curat, mai eficient. La Recycling Mondo Plast, transform\u0103m de\u0219eurile \u00een resurse, tehnologia \u00een progres \u0219i responsabilitatea \u00een sustenabilitate. Procesare de\u0219euri plastic [&hellip;]<\/p>","protected":false},"author":1,"featured_media":0,"parent":0,"menu_order":0,"comment_status":"closed","ping_status":"closed","template":"","meta":{"footnotes":""},"class_list":["post-5779","page","type-page","status-publish","hentry"],"_links":{"self":[{"href":"https:\/\/recyclingmondoplast.ro\/en\/wp-json\/wp\/v2\/pages\/5779","targetHints":{"allow":["GET"]}}],"collection":[{"href":"https:\/\/recyclingmondoplast.ro\/en\/wp-json\/wp\/v2\/pages"}],"about":[{"href":"https:\/\/recyclingmondoplast.ro\/en\/wp-json\/wp\/v2\/types\/page"}],"author":[{"embeddable":true,"href":"https:\/\/recyclingmondoplast.ro\/en\/wp-json\/wp\/v2\/users\/1"}],"replies":[{"embeddable":true,"href":"https:\/\/recyclingmondoplast.ro\/en\/wp-json\/wp\/v2\/comments?post=5779"}],"version-history":[{"count":0,"href":"https:\/\/recyclingmondoplast.ro\/en\/wp-json\/wp\/v2\/pages\/5779\/revisions"}],"wp:attachment":[{"href":"https:\/\/recyclingmondoplast.ro\/en\/wp-json\/wp\/v2\/media?parent=5779"}],"curies":[{"name":"wp","href":"https:\/\/api.w.org\/{rel}","templated":true}]}}